{"id":30,"date":"2014-12-29T13:35:21","date_gmt":"2014-12-29T13:35:21","guid":{"rendered":"http:\/\/erich-seidel.de\/wp\/?page_id=30"},"modified":"2023-02-01T20:55:00","modified_gmt":"2023-02-01T20:55:00","slug":"home","status":"publish","type":"page","link":"https:\/\/www.erich-seidel.de\/","title":{"rendered":"Willkommen auf der Webseite zum Werk von Erich Seidel"},"content":{"rendered":"<p><div class=\"fusion-fullwidth fullwidth-box fusion-builder-row-1 fusion-flex-container has-pattern-background has-mask-background nonhundred-percent-fullwidth non-hundred-percent-height-scrolling\" style=\"--awb-border-radius-top-left:0px;--awb-border-radius-top-right:0px;--awb-border-radius-bottom-right:0px;--awb-border-radius-bottom-left:0px;--awb-flex-wrap:wrap;\" ><div class=\"fusion-builder-row fusion-row fusion-flex-align-items-flex-start fusion-flex-content-wrap\" style=\"max-width:1248px;margin-left: calc(-4% \/ 2 );margin-right: calc(-4% \/ 2 );\"><div class=\"fusion-layout-column fusion_builder_column fusion-builder-column-0 fusion_builder_column_1_1 1_1 fusion-flex-column\" style=\"--awb-bg-size:cover;--awb-width-large:100%;--awb-margin-top-large:0px;--awb-spacing-right-large:1.92%;--awb-margin-bottom-large:20px;--awb-spacing-left-large:1.92%;--awb-width-medium:100%;--awb-order-medium:0;--awb-spacing-right-medium:1.92%;--awb-spacing-left-medium:1.92%;--awb-width-small:100%;--awb-order-small:0;--awb-spacing-right-small:1.92%;--awb-spacing-left-small:1.92%;\"><div class=\"fusion-column-wrapper fusion-column-has-shadow fusion-flex-justify-content-flex-start fusion-content-layout-column\"><div class=\"fusion-title title fusion-title-1 fusion-sep-none fusion-title-text fusion-title-size-one\"><h1 class=\"fusion-title-heading title-heading-left\" style=\"margin:0;\">Herzlich willkommen!<\/h1><\/div><div class=\"fusion-text fusion-text-1\"><h3>Alles zu Leben und Werk von Erich Seidel.<\/h3>\n<\/div><\/div><\/div><\/div><\/div><div class=\"fusion-fullwidth fullwidth-box fusion-builder-row-2 fusion-flex-container nonhundred-percent-fullwidth non-hundred-percent-height-scrolling\" style=\"--awb-border-radius-top-left:0px;--awb-border-radius-top-right:0px;--awb-border-radius-bottom-right:0px;--awb-border-radius-bottom-left:0px;--awb-flex-wrap:wrap;\" ><div class=\"fusion-builder-row fusion-row fusion-flex-align-items-flex-start fusion-flex-content-wrap\" style=\"max-width:1248px;margin-left: calc(-4% \/ 2 );margin-right: calc(-4% \/ 2 );\"><div class=\"fusion-layout-column fusion_builder_column fusion-builder-column-1 fusion_builder_column_1_3 1_3 fusion-flex-column\" style=\"--awb-bg-blend:overlay;--awb-bg-size:cover;--awb-width-large:33.333333333333%;--awb-margin-top-large:0px;--awb-spacing-right-large:5.76%;--awb-margin-bottom-large:0px;--awb-spacing-left-large:5.76%;--awb-width-medium:33.333333333333%;--awb-order-medium:0;--awb-spacing-right-medium:5.76%;--awb-spacing-left-medium:5.76%;--awb-width-small:100%;--awb-order-small:0;--awb-spacing-right-small:1.92%;--awb-spacing-left-small:1.92%;\"><div class=\"fusion-column-wrapper fusion-column-has-shadow fusion-flex-justify-content-flex-start fusion-content-layout-column\"><div class=\"fusion-image-element awb-imageframe-style awb-imageframe-style-below awb-imageframe-style-1\" style=\"--awb-max-width:400px;--awb-caption-title-font-family:var(--h5_typography-font-family);--awb-caption-title-font-weight:var(--h5_typography-font-weight);--awb-caption-title-font-style:var(--h5_typography-font-style);--awb-caption-title-size:var(--h5_typography-font-size);--awb-caption-title-transform:var(--h5_typography-text-transform);--awb-caption-title-line-height:var(--h5_typography-line-height);--awb-caption-title-letter-spacing:var(--h5_typography-letter-spacing);\"><span class=\" fusion-imageframe imageframe-none imageframe-1 hover-type-none\"><img decoding=\"async\" width=\"533\" height=\"766\" alt=\"R\u00fcckseite: Erich Seidel Rabenau Selbstbildnis\" title=\"Selbstbildnis 2\" src=\"https:\/\/www.erich-seidel.de\/wp-content\/uploads\/2014\/12\/full_2106.jpg\" class=\"img-responsive wp-image-3237\" srcset=\"https:\/\/www.erich-seidel.de\/wp-content\/uploads\/2014\/12\/full_2106-104x150.jpg 104w, https:\/\/www.erich-seidel.de\/wp-content\/uploads\/2014\/12\/full_2106-209x300.jpg 209w, https:\/\/www.erich-seidel.de\/wp-content\/uploads\/2014\/12\/full_2106.jpg 533w\" sizes=\"(max-width: 533px) 100vw, 533px\" \/><\/span><div class=\"awb-imageframe-caption-container\"><div class=\"awb-imageframe-caption\"><h5 class=\"awb-imageframe-caption-title\">Selbstportr\u00e4t Erich Seidel<\/h5><p class=\"awb-imageframe-caption-text\">56 x 40<\/p><\/div><\/div><\/div><\/div><\/div><div class=\"fusion-layout-column fusion_builder_column fusion-builder-column-2 fusion_builder_column_2_3 2_3 fusion-flex-column\" style=\"--awb-bg-blend:overlay;--awb-bg-size:cover;--awb-width-large:66.666666666667%;--awb-margin-top-large:0px;--awb-spacing-right-large:2.88%;--awb-margin-bottom-large:0px;--awb-spacing-left-large:3.84%;--awb-width-medium:66.666666666667%;--awb-spacing-right-medium:2.88%;--awb-spacing-left-medium:3.84%;--awb-width-small:100%;--awb-spacing-right-small:1.92%;--awb-spacing-left-small:1.92%;\"><div class=\"fusion-column-wrapper fusion-flex-justify-content-flex-start fusion-content-layout-column\">\n<div class=\"table-1\">\n<table width=\"100%\">\n<thead>\n<tr>\n<td valign=\"top\"><a href=\"https:\/\/www.erich-seidel.de\/?page_id=5556\"><strong>Ausstellungen<\/strong><\/a><\/td>\n<td valign=\"top\">Online-Sonderausstellungen und \u00dcbersichten \u00fcber die Sammlungen und Ausstellungen<\/td>\n<\/tr>\n<tr>\n<td valign=\"top\"><strong><a title=\"Gem\u00e4lde\" href=\"https:\/\/www.erich-seidel.de\/?page_id=16\">Gem\u00e4lde<\/a><\/strong><\/td>\n<td valign=\"top\">Die Gem\u00e4lde von 1938 bis 1984<\/td>\n<\/tr>\n<tr>\n<td valign=\"top\"><strong><a title=\"Zeichnungen\" href=\"https:\/\/www.erich-seidel.de\/?page_id=32\">Zeichnungen<\/a><\/strong><\/td>\n<td valign=\"top\">Die Zeichnungen von 1925 bis 1984<\/td>\n<\/tr>\n<tr>\n<td valign=\"top\"><a href=\"https:\/\/www.erich-seidel.de\/?page_id=5488\"><strong>Plastiken<\/strong><\/a><\/td>\n<td valign=\"top\">Die Plastiken von Erich Seidel<\/td>\n<\/tr>\n<tr>\n<td valign=\"top\"><a title=\"Altarbild\" href=\"https:\/\/www.erich-seidel.de\/?page_id=4094\"><strong>Altarbild<\/strong><\/a><\/td>\n<td valign=\"top\">Das Altarbild.<\/td>\n<\/tr>\n<tr>\n<td valign=\"top\"><strong><a title=\"Hintergr\u00fcnde\" href=\"https:\/\/www.erich-seidel.de\/?page_id=4034\">Hintergr\u00fcnde<\/a><\/strong><\/td>\n<td valign=\"top\">Reden von Karoline\u00a0Mueller-Stahl,\u00a0von Werner Sumowski und Erich Seidel<\/td>\n<\/tr>\n<tr>\n<td valign=\"top\"><a href=\"https:\/\/www.erich-seidel.de\/?page_id=4139\"><strong>Zitate<\/strong><\/a><\/td>\n<td valign=\"top\">Andere \u00fcber Erich Seidel, Erich Seidel \u00fcber Erich Seidel<\/td>\n<\/tr>\n<tr>\n<td valign=\"top\"><strong><a title=\"Vita\" href=\"https:\/\/www.erich-seidel.de\/?page_id=34\">Vita<\/a><\/strong><\/td>\n<td valign=\"top\">Die Biographie von Erich Seidel.<\/td>\n<\/tr>\n<tr>\n<td valign=\"top\"><strong><a title=\"Kontakt\" href=\"https:\/\/www.erich-seidel.de\/?page_id=4060\">Kontakt<\/a><\/strong><\/td>\n<td valign=\"top\">Hier finden Sie Ihren Kontakt, wenn Sie N\u00e4heres \u00fcber das Werk und die Bilder wissen m\u00f6chten.<\/td>\n<\/tr>\n<\/thead>\n<\/table>\n<\/div>\n<\/div><\/div><\/div><\/div><\/p>\n","protected":false},"excerpt":{"rendered":"","protected":false},"author":1,"featured_media":0,"parent":0,"menu_order":41,"comment_status":"open","ping_status":"open","template":"","meta":{"footnotes":""},"class_list":["post-30","page","type-page","status-publish","hentry"],"_links":{"self":[{"href":"https:\/\/www.erich-seidel.de\/index.php?rest_route=\/wp\/v2\/pages\/30","targetHints":{"allow":["GET"]}}],"collection":[{"href":"https:\/\/www.erich-seidel.de\/index.php?rest_route=\/wp\/v2\/pages"}],"about":[{"href":"https:\/\/www.erich-seidel.de\/index.php?rest_route=\/wp\/v2\/types\/page"}],"author":[{"embeddable":true,"href":"https:\/\/www.erich-seidel.de\/index.php?rest_route=\/wp\/v2\/users\/1"}],"replies":[{"embeddable":true,"href":"https:\/\/www.erich-seidel.de\/index.php?rest_route=%2Fwp%2Fv2%2Fcomments&post=30"}],"version-history":[{"count":48,"href":"https:\/\/www.erich-seidel.de\/index.php?rest_route=\/wp\/v2\/pages\/30\/revisions"}],"predecessor-version":[{"id":5729,"href":"https:\/\/www.erich-seidel.de\/index.php?rest_route=\/wp\/v2\/pages\/30\/revisions\/5729"}],"wp:attachment":[{"href":"https:\/\/www.erich-seidel.de\/index.php?rest_route=%2Fwp%2Fv2%2Fmedia&parent=30"}],"curies":[{"name":"wp","href":"https:\/\/api.w.org\/{rel}","templated":true}]}}